{"id":913,"date":"2025-09-12T04:38:10","date_gmt":"2025-09-12T04:38:10","guid":{"rendered":"https:\/\/editorialcide.org\/about\/"},"modified":"2025-09-30T15:36:51","modified_gmt":"2025-09-30T20:36:51","slug":"about","status":"publish","type":"page","link":"https:\/\/editorialcide.org\/en\/about\/","title":{"rendered":"About"},"content":{"rendered":"<div class=\"wp-block-uagb-container uagb-block-25efe059 alignfull uagb-is-root-container\"><div class=\"uagb-container-inner-blocks-wrap\">\n<div class=\"wp-block-uagb-advanced-heading uagb-block-152b2cf8\"><h1 class=\"uagb-heading-text\">About<\/h1><\/div>\n<\/div><\/div>\n\n\n\n<div class=\"wp-block-uagb-container uagb-layout-grid uagb-block-c07c1ca2 alignfull uagb-is-root-container\"><div class=\"uagb-container-inner-blocks-wrap\">\n<div class=\"wp-block-uagb-image uagb-block-c2362fda wp-block-uagb-image--layout-default wp-block-uagb-image--effect-static wp-block-uagb-image--align-none\"><figure class=\"wp-block-uagb-image__figure\"><img decoding=\"async\" srcset=\"https:\/\/editorialcide.org\/wp-content\/uploads\/sites\/2\/2025\/09\/Estante-de-libros_1600-1024x588.png ,https:\/\/editorialcide.org\/wp-content\/uploads\/sites\/2\/2025\/09\/Estante-de-libros_1600.png 780w, https:\/\/editorialcide.org\/wp-content\/uploads\/sites\/2\/2025\/09\/Estante-de-libros_1600.png 360w\" sizes=\"auto, (max-width: 480px) 150px\" src=\"https:\/\/editorialcide.org\/wp-content\/uploads\/sites\/2\/2025\/09\/Estante-de-libros_1600-1024x588.png\" alt=\"\" class=\"uag-image-1488\" width=\"520\" height=\"347\" title=\"Estante de libros_1600\" loading=\"lazy\" role=\"img\"\/><\/figure><\/div>\n\n\n\n<div class=\"wp-block-uagb-info-box uagb-block-439a912a uagb-infobox__content-wrap  uagb-infobox-icon-above-title uagb-infobox-image-valign-top\"><div class=\"uagb-ifb-content\"><div class=\"uagb-ifb-title-wrap\"><h2 class=\"uagb-ifb-title\">Our story<\/h2><\/div><div class=\"uagb-ifb-separator\"><\/div><p class=\"uagb-ifb-desc\">Las publicaciones del Centro de Investigaci\u00f3n y Desarrollo (CIDE) iniciaron en el a\u00f1o 2015 en Ecuador y en Bolivia en el a\u00f1o 2016 a partir de las memorias presentadas de los eventos que se realizaban para la fecha, los mismos dieron apertura a una serie de publicaciones de libros bajo el sello de la editorial.<br>La Editorial CIDE nace en el a\u00f1o 2015 como una iniciativa privada, con la finalidad de cubrir la demanda en el campo de publicaciones acad\u00e9micas de revista cient\u00edficas, libros bibliogr\u00e1ficos y no bibliogr\u00e1ficos especializados en diferentes \u00e1reas acad\u00e9micas.<br><\/p><\/div><\/div>\n<\/div><\/div>\n\n\n\n<div class=\"wp-block-uagb-container uagb-layout-grid uagb-block-ce909a65 alignfull uagb-is-root-container\"><div class=\"uagb-container-inner-blocks-wrap\">\n<div class=\"wp-block-uagb-info-box uagb-block-3dc67494 uagb-infobox__content-wrap  uagb-infobox-icon-above-title uagb-infobox-image-valign-top\"><div class=\"uagb-ifb-content\"><div class=\"uagb-ifb-title-wrap\"><h2 class=\"uagb-ifb-title\">Our mission<\/h2><\/div><div class=\"uagb-ifb-separator\"><\/div><p class=\"uagb-ifb-desc\">La Unidad de Publicaciones, Promoci\u00f3n y Difusi\u00f3n, busca consolidarse como el ente de confianza de los profesionales, acad\u00e9micos e investigadores de la regi\u00f3n Latinoamericana como su medio de publicaci\u00f3n, promoci\u00f3n y difusi\u00f3n de sus manuscritos.<br><br><\/p><\/div><\/div>\n\n\n\n<div class=\"wp-block-uagb-image uagb-block-18805cf9 wp-block-uagb-image--layout-default wp-block-uagb-image--effect-static wp-block-uagb-image--align-none\"><figure class=\"wp-block-uagb-image__figure\"><img decoding=\"async\" srcset=\"https:\/\/editorialcide.org\/wp-content\/uploads\/sites\/2\/2025\/09\/Libros-y-revistas-1600-1024x588.png ,https:\/\/editorialcide.org\/wp-content\/uploads\/sites\/2\/2025\/09\/Libros-y-revistas-1600.png 780w, https:\/\/editorialcide.org\/wp-content\/uploads\/sites\/2\/2025\/09\/Libros-y-revistas-1600.png 360w\" sizes=\"auto, (max-width: 480px) 150px\" src=\"https:\/\/editorialcide.org\/wp-content\/uploads\/sites\/2\/2025\/09\/Libros-y-revistas-1600-1024x588.png\" alt=\"\" class=\"uag-image-1487\" width=\"520\" height=\"347\" title=\"Libros y revistas 1600\" loading=\"lazy\" role=\"img\"\/><\/figure><\/div>\n<\/div><\/div>\n\n\n\n<div class=\"wp-block-uagb-container uagb-block-ada1b635 alignfull uagb-is-root-container\"><div class=\"uagb-container-inner-blocks-wrap\">\n<div class=\"wp-block-uagb-advanced-heading uagb-block-85aae344\"><h4 class=\"uagb-heading-text\">Our vision<\/h4><div class=\"uagb-separator\"><\/div><p class=\"uagb-desc-text\">La Unidad de Publicaciones, Promoci\u00f3n y Difusi\u00f3n, plantea unificar las publicaciones de libros, revistas, medios audiovisuales, entre otros, al mismo tiempo que expandir su misi\u00f3n en todo el continente Latinoamericano con el prop\u00f3sito de consolidarse como promotor en la gesti\u00f3n del conocimiento.<br><\/p><\/div>\n\n\n\n<div class=\"wp-block-uagb-container uagb-block-03a254f1\">\n<div class=\"wp-block-uagb-advanced-heading uagb-block-f897f70d\"><h4 class=\"uagb-heading-text\">Our aims<\/h4><div class=\"uagb-separator\"><\/div><\/div>\n\n\n\n<div class=\"wp-block-uagb-icon-list uagb-block-300b72ce\"><div class=\"uagb-icon-list__wrap\">\n<div class=\"wp-block-uagb-icon-list-child uagb-block-d455880d\"><a target=\"_self\" aria-label=\"Definir a la Unidad de Publicaciones, Promoci\u00f3n y Difusi\u00f3n como un organismo \u00edcono en materia editorial para Latinoam\u00e9rica.\" rel=\"noopener noreferrer\" href=\"#\"> <\/a><span class=\"uagb-icon-list__source-wrap\"><svg xmlns=\"https:\/\/www.w3.org\/2000\/svg\" viewbox=\"0 0 448 512\"><path d=\"M400 288h-352c-17.69 0-32-14.32-32-32.01s14.31-31.99 32-31.99h352c17.69 0 32 14.3 32 31.99S417.7 288 400 288z\"><\/path><\/svg><\/span><span class=\"uagb-icon-list__label\">Definir a la Unidad de Publicaciones, Promoci\u00f3n y Difusi\u00f3n como un organismo \u00edcono en materia editorial para Latinoam\u00e9rica.<\/span><\/div>\n\n\n\n<div class=\"wp-block-uagb-icon-list-child uagb-block-ded7d9ca\"><a target=\"_self\" aria-label=\"Mejorar los tiempos en los procesos editoriales de nuestras publicaciones peri\u00f3dicas y no peri\u00f3dicas.\" rel=\"noopener noreferrer\" href=\"#\"> <\/a><span class=\"uagb-icon-list__source-wrap\"><svg xmlns=\"https:\/\/www.w3.org\/2000\/svg\" viewbox=\"0 0 448 512\"><path d=\"M400 288h-352c-17.69 0-32-14.32-32-32.01s14.31-31.99 32-31.99h352c17.69 0 32 14.3 32 31.99S417.7 288 400 288z\"><\/path><\/svg><\/span><span class=\"uagb-icon-list__label\">Mejorar los tiempos en los procesos editoriales de nuestras publicaciones peri\u00f3dicas y no peri\u00f3dicas.<\/span><\/div>\n\n\n\n<div class=\"wp-block-uagb-icon-list-child uagb-block-381a9445\"><a target=\"_self\" aria-label=\"Consolidar nuestras publicaciones en las principales bibliotecas, bases de datos, plataformas e \u00edndices de la Regi\u00f3n Latinoamericana.\" rel=\"noopener noreferrer\" href=\"#\"> <\/a><span class=\"uagb-icon-list__source-wrap\"><svg xmlns=\"https:\/\/www.w3.org\/2000\/svg\" viewbox=\"0 0 448 512\"><path d=\"M400 288h-352c-17.69 0-32-14.32-32-32.01s14.31-31.99 32-31.99h352c17.69 0 32 14.3 32 31.99S417.7 288 400 288z\"><\/path><\/svg><\/span><span class=\"uagb-icon-list__label\">Consolidar nuestras publicaciones en las principales bibliotecas, bases de datos, plataformas e \u00edndices de la Regi\u00f3n Latinoamericana.<\/span><\/div>\n<\/div><\/div>\n<\/div>\n<\/div><\/div>","protected":false},"excerpt":{"rendered":"<p>Acerca de Nuestra visi\u00f3n La Unidad de Publicaciones, Promoci\u00f3n y Difusi\u00f3n, plantea unificar las publicaciones de libros, revistas, medios audiovisuales, entre otros, al mismo tiempo que expandir su misi\u00f3n en todo el continente Latinoamericano con el prop\u00f3sito de consolidarse como promotor en la gesti\u00f3n del conocimiento. Nuestros objetivos<\/p>","protected":false},"author":1,"featured_media":0,"parent":0,"menu_order":0,"comment_status":"closed","ping_status":"closed","template":"","meta":{"_uag_custom_page_level_css":"","site-sidebar-layout":"no-sidebar","site-content-layout":"plain-container","ast-site-content-layout":"full-width-container","site-content-style":"unboxed","site-sidebar-style":"unboxed","ast-global-header-display":"","ast-banner-title-visibility":"","ast-main-header-display":"","ast-hfb-above-header-display":"","ast-hfb-below-header-display":"","ast-hfb-mobile-header-display":"","site-post-title":"disabled","ast-breadcrumbs-content":"","ast-featured-img":"disabled","footer-sml-layout":"","theme-transparent-header-meta":"enabled","adv-header-id-meta":"","stick-header-meta":"","header-above-stick-meta":"","header-main-stick-meta":"","header-below-stick-meta":"","astra-migrate-meta-layouts":"set","ast-page-background-enabled":"default","ast-page-background-meta":{"desktop":{"background-color":"","background-image":"","background-repeat":"repeat","background-position":"center center","background-size":"auto","background-attachment":"scroll","background-type":"","background-media":"","overlay-type":"","overlay-color":"","overlay-opacity":"","overlay-gradient":""},"tablet":{"background-color":"","background-image":"","background-repeat":"repeat","background-position":"center center","background-size":"auto","background-attachment":"scroll","background-type":"","background-media":"","overlay-type":"","overlay-color":"","overlay-opacity":"","overlay-gradient":""},"mobile":{"background-color":"","background-image":"","background-repeat":"repeat","background-position":"center center","background-size":"auto","background-attachment":"scroll","background-type":"","background-media":"","overlay-type":"","overlay-color":"","overlay-opacity":"","overlay-gradient":""}},"ast-content-background-meta":{"desktop":{"background-color":"var(--ast-global-color-5)","background-image":"","background-repeat":"repeat","background-position":"center center","background-size":"auto","background-attachment":"scroll","background-type":"","background-media":"","overlay-type":"","overlay-color":"","overlay-opacity":"","overlay-gradient":""},"tablet":{"background-color":"var(--ast-global-color-5)","background-image":"","background-repeat":"repeat","background-position":"center center","background-size":"auto","background-attachment":"scroll","background-type":"","background-media":"","overlay-type":"","overlay-color":"","overlay-opacity":"","overlay-gradient":""},"mobile":{"background-color":"var(--ast-global-color-5)","background-image":"","background-repeat":"repeat","background-position":"center center","background-size":"auto","background-attachment":"scroll","background-type":"","background-media":"","overlay-type":"","overlay-color":"","overlay-opacity":"","overlay-gradient":""}},"footnotes":""},"class_list":["post-913","page","type-page","status-publish","hentry"],"uagb_featured_image_src":{"full":false,"thumbnail":false,"medium":false,"medium_large":false,"large":false,"1536x1536":false,"2048x2048":false,"trp-custom-language-flag":false},"uagb_author_info":{"display_name":"soportesistemas","author_link":"https:\/\/editorialcide.org\/en\/author\/soportesistemas\/"},"uagb_comment_info":0,"uagb_excerpt":"Acerca de Nuestra visi\u00f3n La Unidad de Publicaciones, Promoci\u00f3n y Difusi\u00f3n, plantea unificar las publicaciones de libros, revistas, medios audiovisuales, entre otros, al mismo tiempo que expandir su misi\u00f3n en todo el continente Latinoamericano con el prop\u00f3sito de consolidarse como promotor en la gesti\u00f3n del conocimiento. Nuestros objetivos","_links":{"self":[{"href":"https:\/\/editorialcide.org\/en\/wp-json\/wp\/v2\/pages\/913","targetHints":{"allow":["GET"]}}],"collection":[{"href":"https:\/\/editorialcide.org\/en\/wp-json\/wp\/v2\/pages"}],"about":[{"href":"https:\/\/editorialcide.org\/en\/wp-json\/wp\/v2\/types\/page"}],"author":[{"embeddable":true,"href":"https:\/\/editorialcide.org\/en\/wp-json\/wp\/v2\/users\/1"}],"replies":[{"embeddable":true,"href":"https:\/\/editorialcide.org\/en\/wp-json\/wp\/v2\/comments?post=913"}],"version-history":[{"count":9,"href":"https:\/\/editorialcide.org\/en\/wp-json\/wp\/v2\/pages\/913\/revisions"}],"predecessor-version":[{"id":1492,"href":"https:\/\/editorialcide.org\/en\/wp-json\/wp\/v2\/pages\/913\/revisions\/1492"}],"wp:attachment":[{"href":"https:\/\/editorialcide.org\/en\/wp-json\/wp\/v2\/media?parent=913"}],"curies":[{"name":"wp","href":"https:\/\/api.w.org\/{rel}","templated":true}]}}