{"id":915,"date":"2025-09-12T04:38:10","date_gmt":"2025-09-12T04:38:10","guid":{"rendered":"https:\/\/editorialcide.org\/services\/"},"modified":"2025-09-29T16:45:11","modified_gmt":"2025-09-29T21:45:11","slug":"books","status":"publish","type":"page","link":"https:\/\/editorialcide.org\/en\/books\/","title":{"rendered":"Books"},"content":{"rendered":"<div class=\"wp-block-uagb-container uagb-block-25efe059 alignfull uagb-is-root-container\"><div class=\"uagb-container-inner-blocks-wrap\">\n<div class=\"wp-block-uagb-advanced-heading uagb-block-152b2cf8\"><h1 class=\"uagb-heading-text\">Books<\/h1><\/div>\n<\/div><\/div>\n\n\n\n<div class=\"wp-block-uagb-container uagb-block-4a87feac alignfull uagb-is-root-container\"><div class=\"uagb-container-inner-blocks-wrap\">\n<h2 class=\"wp-block-heading\">Novedades<\/h2>\n\n\n\n<div class=\"wp-block-uagb-container uagb-block-d65a08d3\">\n<div class=\"wp-block-uagb-container uagb-block-c1588b44\">\n<div class=\"wp-block-uagb-image uagb-block-337fd67d wp-block-uagb-image--layout-default wp-block-uagb-image--effect-static wp-block-uagb-image--align-none\"><figure class=\"wp-block-uagb-image__figure\"><img decoding=\"async\" srcset=\"https:\/\/editorialcide.org\/wp-content\/uploads\/sites\/2\/2025\/09\/Portad-Libro-Derecho-Constitucional-1-237x300.png ,https:\/\/editorialcide.org\/wp-content\/uploads\/sites\/2\/2025\/09\/Portad-Libro-Derecho-Constitucional-1.png 780w, https:\/\/editorialcide.org\/wp-content\/uploads\/sites\/2\/2025\/09\/Portad-Libro-Derecho-Constitucional-1.png 360w\" sizes=\"auto, (max-width: 480px) 150px\" src=\"https:\/\/editorialcide.org\/wp-content\/uploads\/sites\/2\/2025\/09\/Portad-Libro-Derecho-Constitucional-1-237x300.png\" alt=\"\" class=\"uag-image-1388\" width=\"237\" height=\"300\" title=\"Portad-Libro-Derecho-Constitucional-1\" loading=\"lazy\" role=\"img\"\/><\/figure><\/div>\n\n\n\n<div class=\"wp-block-uagb-info-box uagb-block-5408ebdb uagb-infobox__content-wrap  uagb-infobox-icon-above-title uagb-infobox-image-valign-top\"><div class=\"uagb-ifb-content\"><div class=\"uagb-ifb-title-wrap\"><h5 class=\"uagb-ifb-title\">El Derecho Constitucional y su relaci\u00f3n con las ramas del Derecho: Tomo 1<\/h5><\/div><p class=\"uagb-ifb-desc\"><strong>AUTORES:<\/strong> Ram\u00edrez Vel\u00e1squez Joanna Carolina, Calle C\u00f3rdova Mar\u00eda Jos\u00e9, Salinas Herrera Fabi\u00e1n Marcelo, Palomeque Mendieta Claudio Antonio<\/p><\/div><\/div>\n<\/div>\n\n\n\n<div class=\"wp-block-uagb-container uagb-block-2d120e8e\">\n<div class=\"wp-block-uagb-image uagb-block-96e3610f wp-block-uagb-image--layout-default wp-block-uagb-image--effect-static wp-block-uagb-image--align-none\"><figure class=\"wp-block-uagb-image__figure\"><img decoding=\"async\" srcset=\"https:\/\/editorialcide.org\/wp-content\/uploads\/sites\/2\/2025\/09\/Libro-Portada-Derecho-tomo-II-237x300.png ,https:\/\/editorialcide.org\/wp-content\/uploads\/sites\/2\/2025\/09\/Libro-Portada-Derecho-tomo-II.png 780w, https:\/\/editorialcide.org\/wp-content\/uploads\/sites\/2\/2025\/09\/Libro-Portada-Derecho-tomo-II.png 360w\" sizes=\"auto, (max-width: 480px) 150px\" src=\"https:\/\/editorialcide.org\/wp-content\/uploads\/sites\/2\/2025\/09\/Libro-Portada-Derecho-tomo-II-237x300.png\" alt=\"\" class=\"uag-image-1389\" width=\"237\" height=\"300\" title=\"Libro-Portada-Derecho-tomo-II\" loading=\"lazy\" role=\"img\"\/><\/figure><\/div>\n\n\n\n<div class=\"wp-block-uagb-info-box uagb-block-3883f3b0 uagb-infobox__content-wrap  uagb-infobox-icon-above-title uagb-infobox-image-valign-top\"><div class=\"uagb-ifb-content\"><div class=\"uagb-ifb-title-wrap\"><h5 class=\"uagb-ifb-title\">El Derecho Constitucional y su relaci\u00f3n con las ramas del Derecho: Tomo 2<\/h5><\/div><p class=\"uagb-ifb-desc\"><strong>AUTORES:&nbsp;<\/strong>Gonz\u00e1lez Veintimilla Mariela Isabel, Ar\u00e9valo Herrera Diego Fabi\u00e1n, G\u00e1rate Amoroso Julio Cesar, Ram\u00edrez Vel\u00e1squez&nbsp;Joanna Carolina.<\/p><\/div><\/div>\n<\/div>\n<\/div>\n<\/div><\/div>\n\n\n\n<div class=\"wp-block-uagb-container uagb-block-68114d61 alignfull uagb-is-root-container\"><div class=\"uagb-container-inner-blocks-wrap\">\n<div class=\"wp-block-uagb-container uagb-block-3f1399b9\">\n<h2 class=\"wp-block-heading\">Nuestro proceso<\/h2>\n\n\n\n<div class=\"wp-block-uagb-separator uagb-block-a2af6bbb\"><div class=\"wp-block-uagb-separator__inner\" style=\"--my-background-image:\"><\/div><\/div>\n\n\n\n<ul class=\"wp-block-list\">\n<li><strong>FASE 1. Elaboraci\u00f3n del manuscrito<\/strong><br>En esta etapa encontrar\u00e1 los lineamientos b\u00e1sicos que solicita la Editorial CIDE para elaborar la presentaci\u00f3n de los manuscritos. (ver normativo).<\/li>\n\n\n\n<li><strong>FASE 2. Postulaci\u00f3n del manuscrito<\/strong><br>Envie el manuscrito al siguiente correo:&nbsp;<a href=\"mailto:editorial@cidecuador.org\">editorial@cidecuador.org<\/a>&nbsp;En 72 horas&nbsp; obtendr\u00e1 una respuesta, la misma puede ser de aceptada o rechazada.<\/li>\n\n\n\n<li><strong>FASE 3. Aprobaci\u00f3n del manuscrito<\/strong><br>Luego de la evaluaci\u00f3n (72 horas) recibir\u00e1 una notificaci\u00f3n de la factibilidad o no de la publicaci\u00f3n por parte del comit\u00e9 editorial.<\/li>\n<\/ul>\n<\/div>\n\n\n\n<div class=\"wp-block-uagb-container uagb-block-1094613c\">\n<div style=\"height:100px\" aria-hidden=\"true\" class=\"wp-block-spacer\"><\/div>\n\n\n\n<div class=\"wp-block-uagb-image uagb-block-30fcdd8d wp-block-uagb-image--layout-default wp-block-uagb-image--effect-static wp-block-uagb-image--align-none\"><figure class=\"wp-block-uagb-image__figure\"><img decoding=\"async\" srcset=\"https:\/\/editorialcide.org\/wp-content\/uploads\/sites\/2\/2025\/09\/Web-page_7.png ,https:\/\/editorialcide.org\/wp-content\/uploads\/sites\/2\/2025\/09\/Web-page_7.png 780w, https:\/\/editorialcide.org\/wp-content\/uploads\/sites\/2\/2025\/09\/Web-page_7.png 360w\" sizes=\"auto, (max-width: 480px) 150px\" src=\"https:\/\/editorialcide.org\/wp-content\/uploads\/sites\/2\/2025\/09\/Web-page_7.png\" alt=\"\" class=\"uag-image-1429\" width=\"360\" height=\"225\" title=\"Web page_7\" loading=\"lazy\" role=\"img\"\/><\/figure><\/div>\n<\/div>\n\n\n\n<div class=\"wp-block-uagb-container uagb-block-774d6300\">\n<div style=\"height:300px\" aria-hidden=\"true\" class=\"wp-block-spacer\"><\/div>\n\n\n\n<div class=\"wp-block-uagb-image uagb-block-3f321722 wp-block-uagb-image--layout-default wp-block-uagb-image--effect-static wp-block-uagb-image--align-none\"><figure class=\"wp-block-uagb-image__figure\"><img decoding=\"async\" srcset=\"https:\/\/editorialcide.org\/wp-content\/uploads\/sites\/2\/2025\/09\/Web-page_6.png ,https:\/\/editorialcide.org\/wp-content\/uploads\/sites\/2\/2025\/09\/Web-page_6.png 780w, https:\/\/editorialcide.org\/wp-content\/uploads\/sites\/2\/2025\/09\/Web-page_6.png 360w\" sizes=\"auto, (max-width: 480px) 150px\" src=\"https:\/\/editorialcide.org\/wp-content\/uploads\/sites\/2\/2025\/09\/Web-page_6.png\" alt=\"\" class=\"uag-image-1430\" width=\"360\" height=\"218\" title=\"Web page_6\" loading=\"lazy\" role=\"img\"\/><\/figure><\/div>\n<\/div>\n<\/div><\/div>","protected":false},"excerpt":{"rendered":"<p>Libros Novedades Nuestro proceso<\/p>","protected":false},"author":1,"featured_media":0,"parent":0,"menu_order":0,"comment_status":"closed","ping_status":"closed","template":"","meta":{"_uag_custom_page_level_css":"","site-sidebar-layout":"no-sidebar","site-content-layout":"plain-container","ast-site-content-layout":"full-width-container","site-content-style":"unboxed","site-sidebar-style":"unboxed","ast-global-header-display":"","ast-banner-title-visibility":"","ast-main-header-display":"","ast-hfb-above-header-display":"","ast-hfb-below-header-display":"","ast-hfb-mobile-header-display":"","site-post-title":"disabled","ast-breadcrumbs-content":"","ast-featured-img":"","footer-sml-layout":"","theme-transparent-header-meta":"enabled","adv-header-id-meta":"","stick-header-meta":"","header-above-stick-meta":"","header-main-stick-meta":"","header-below-stick-meta":"","astra-migrate-meta-layouts":"set","ast-page-background-enabled":"default","ast-page-background-meta":{"desktop":{"background-color":"","background-image":"","background-repeat":"repeat","background-position":"center center","background-size":"auto","background-attachment":"scroll","background-type":"","background-media":"","overlay-type":"","overlay-color":"","overlay-opacity":"","overlay-gradient":""},"tablet":{"background-color":"","background-image":"","background-repeat":"repeat","background-position":"center center","background-size":"auto","background-attachment":"scroll","background-type":"","background-media":"","overlay-type":"","overlay-color":"","overlay-opacity":"","overlay-gradient":""},"mobile":{"background-color":"","background-image":"","background-repeat":"repeat","background-position":"center center","background-size":"auto","background-attachment":"scroll","background-type":"","background-media":"","overlay-type":"","overlay-color":"","overlay-opacity":"","overlay-gradient":""}},"ast-content-background-meta":{"desktop":{"background-color":"var(--ast-global-color-5)","background-image":"","background-repeat":"repeat","background-position":"center center","background-size":"auto","background-attachment":"scroll","background-type":"","background-media":"","overlay-type":"","overlay-color":"","overlay-opacity":"","overlay-gradient":""},"tablet":{"background-color":"var(--ast-global-color-5)","background-image":"","background-repeat":"repeat","background-position":"center center","background-size":"auto","background-attachment":"scroll","background-type":"","background-media":"","overlay-type":"","overlay-color":"","overlay-opacity":"","overlay-gradient":""},"mobile":{"background-color":"var(--ast-global-color-5)","background-image":"","background-repeat":"repeat","background-position":"center center","background-size":"auto","background-attachment":"scroll","background-type":"","background-media":"","overlay-type":"","overlay-color":"","overlay-opacity":"","overlay-gradient":""}},"footnotes":""},"class_list":["post-915","page","type-page","status-publish","hentry"],"uagb_featured_image_src":{"full":false,"thumbnail":false,"medium":false,"medium_large":false,"large":false,"1536x1536":false,"2048x2048":false,"trp-custom-language-flag":false},"uagb_author_info":{"display_name":"soportesistemas","author_link":"https:\/\/editorialcide.org\/en\/author\/soportesistemas\/"},"uagb_comment_info":0,"uagb_excerpt":"Libros Novedades Nuestro proceso","_links":{"self":[{"href":"https:\/\/editorialcide.org\/en\/wp-json\/wp\/v2\/pages\/915","targetHints":{"allow":["GET"]}}],"collection":[{"href":"https:\/\/editorialcide.org\/en\/wp-json\/wp\/v2\/pages"}],"about":[{"href":"https:\/\/editorialcide.org\/en\/wp-json\/wp\/v2\/types\/page"}],"author":[{"embeddable":true,"href":"https:\/\/editorialcide.org\/en\/wp-json\/wp\/v2\/users\/1"}],"replies":[{"embeddable":true,"href":"https:\/\/editorialcide.org\/en\/wp-json\/wp\/v2\/comments?post=915"}],"version-history":[{"count":9,"href":"https:\/\/editorialcide.org\/en\/wp-json\/wp\/v2\/pages\/915\/revisions"}],"predecessor-version":[{"id":1477,"href":"https:\/\/editorialcide.org\/en\/wp-json\/wp\/v2\/pages\/915\/revisions\/1477"}],"wp:attachment":[{"href":"https:\/\/editorialcide.org\/en\/wp-json\/wp\/v2\/media?parent=915"}],"curies":[{"name":"wp","href":"https:\/\/api.w.org\/{rel}","templated":true}]}}