{"id":917,"date":"2025-09-12T04:38:10","date_gmt":"2025-09-12T04:38:10","guid":{"rendered":"https:\/\/editorialcide.org\/home\/"},"modified":"2025-10-01T15:32:02","modified_gmt":"2025-10-01T20:32:02","slug":"home","status":"publish","type":"page","link":"https:\/\/editorialcide.org\/en\/","title":{"rendered":"Editorial cide"},"content":{"rendered":"<div class=\"wp-block-uagb-container uagb-block-80f8b66e alignfull uagb-is-root-container\"><div class=\"uagb-container-inner-blocks-wrap\">\n<div class=\"wp-block-uagb-info-box uagb-block-ea1e98f0 uagb-infobox__content-wrap  uagb-infobox-icon-above-title uagb-infobox-image-valign-top wp-block-uagb-info-box--has-margin\"><div class=\"uagb-infobox-margin-wrapper\"><div class=\"uagb-ifb-content\"><div class=\"uagb-ifb-title-wrap\"><div class=\"uagb-ifb-separator\"><\/div><h1 class=\"uagb-ifb-title\">Editorial Acad\u00e9mica CIDE<gwmw style=\"display:none;\"><gwmw style=\"display:none;\"><\/gwmw><\/gwmw><\/h1><\/div><\/div><\/div><\/div>\n<\/div><\/div>\n\n\n\n<div class=\"wp-block-uagb-container uagb-block-4e5b41fa alignfull uagb-is-root-container\"><div class=\"uagb-container-inner-blocks-wrap\">\n<div class=\"wp-block-uagb-advanced-heading uagb-block-ed3416f6\"><h2 class=\"uagb-heading-text\">Recently published<\/h2><div class=\"uagb-separator\"><\/div><\/div>\n\n\n\n<div class=\"wp-block-uagb-container uagb-block-0c24c3bb\">\n<div class=\"wp-block-uagb-container uagb-block-2f95617e\">\n<div class=\"wp-block-uagb-image aligncenter uagb-block-399e16d2 wp-block-uagb-image--layout-default wp-block-uagb-image--effect-static wp-block-uagb-image--align-center\"><figure class=\"wp-block-uagb-image__figure\"><a class=\"\" href=\"https:\/\/revistalex.org\/index.php\/revistalex\/issue\/view\/31\" target=\"\" rel=\"noopener\"><img decoding=\"async\" srcset=\"https:\/\/editorialcide.org\/wp-content\/uploads\/sites\/2\/2025\/09\/Tapa-revista-LEX-SN-212x300.png ,https:\/\/editorialcide.org\/wp-content\/uploads\/sites\/2\/2025\/09\/Tapa-revista-LEX-SN.png 780w, https:\/\/editorialcide.org\/wp-content\/uploads\/sites\/2\/2025\/09\/Tapa-revista-LEX-SN.png 360w\" sizes=\"auto, (max-width: 480px) 150px\" src=\"https:\/\/editorialcide.org\/wp-content\/uploads\/sites\/2\/2025\/09\/Tapa-revista-LEX-SN-212x300.png\" alt=\"\" class=\"uag-image-1369\" width=\"212\" height=\"300\" title=\"Tapa-revista-LEX-SN\" loading=\"lazy\" role=\"img\"\/><\/a><\/figure><\/div>\n\n\n\n<div class=\"wp-block-uagb-info-box uagb-block-2935a13f uagb-infobox__content-wrap  uagb-infobox-icon-above-title uagb-infobox-image-valign-top\"><div class=\"uagb-ifb-content\"><div class=\"uagb-ifb-title-wrap\"><h5 class=\"uagb-ifb-title\">Revista Lex Vol. 8 N\u00b0 30<\/h5><\/div><\/div><\/div>\n<\/div>\n\n\n\n<div class=\"wp-block-uagb-container uagb-block-65b8b623\">\n<div class=\"wp-block-uagb-image aligncenter uagb-block-3235bff2 wp-block-uagb-image--layout-default wp-block-uagb-image--effect-static wp-block-uagb-image--align-center\"><figure class=\"wp-block-uagb-image__figure\"><a class=\"\" href=\"https:\/\/revistaneque.org\/index.php\/revistaneque\/issue\/view\/21\" target=\"\" rel=\"noopener\"><img decoding=\"async\" srcset=\"https:\/\/editorialcide.org\/wp-content\/uploads\/sites\/2\/2025\/09\/tapa-revista-eque-sn-212x300.png ,https:\/\/editorialcide.org\/wp-content\/uploads\/sites\/2\/2025\/09\/tapa-revista-eque-sn.png 780w, https:\/\/editorialcide.org\/wp-content\/uploads\/sites\/2\/2025\/09\/tapa-revista-eque-sn.png 360w\" sizes=\"auto, (max-width: 480px) 150px\" src=\"https:\/\/editorialcide.org\/wp-content\/uploads\/sites\/2\/2025\/09\/tapa-revista-eque-sn-212x300.png\" alt=\"\" class=\"uag-image-1368\" width=\"212\" height=\"300\" title=\"tapa-revista-eque-sn\" loading=\"lazy\" role=\"img\"\/><\/a><\/figure><\/div>\n\n\n\n<div class=\"wp-block-uagb-info-box uagb-block-c27f163a uagb-infobox__content-wrap  uagb-infobox-icon-above-title uagb-infobox-image-valign-top\"><div class=\"uagb-ifb-content\"><div class=\"uagb-ifb-title-wrap\"><h5 class=\"uagb-ifb-title\">Revista \u00d1eque Vol. 8 N\u00b0 21<\/h5><\/div><\/div><\/div>\n<\/div>\n<\/div>\n<\/div><\/div>\n\n\n\n<div class=\"wp-block-uagb-container uagb-block-0127aa57 alignfull uagb-is-root-container\"><div class=\"uagb-container-inner-blocks-wrap\">\n<div class=\"wp-block-uagb-info-box uagb-block-f36d28c7 uagb-infobox__content-wrap  uagb-infobox-icon-above-title uagb-infobox-image-valign-top\"><div class=\"uagb-ifb-content\"><div class=\"uagb-ifb-title-wrap\"><h2 class=\"uagb-ifb-title\">Our Story<\/h2><\/div><div class=\"uagb-ifb-separator\"><\/div><p class=\"uagb-ifb-desc\">Las publicaciones del Centro de Investigaci\u00f3n y Desarrollo (CIDE) iniciaron en el a\u00f1o 2015 en Ecuador y en Bolivia en el a\u00f1o 2016 a partir de las memorias presentadas de los eventos que se realizaban para la fecha, los mismos dieron apertura a una serie de publicaciones de libros bajo el sello de la editorial.<br>&nbsp;<br>La Editorial CIDE nace en el a\u00f1o 2015 como una iniciativa privada, con la finalidad de cubrir la demanda en el campo de publicaciones acad\u00e9micas de libros bibliogr\u00e1ficos y no bibliogr\u00e1ficos especializados en diferentes \u00e1reas acad\u00e9micas.<\/p><\/div><\/div>\n<\/div><\/div>","protected":false},"excerpt":{"rendered":"<p>Recently published<\/p>","protected":false},"author":1,"featured_media":0,"parent":0,"menu_order":0,"comment_status":"closed","ping_status":"closed","template":"","meta":{"_uag_custom_page_level_css":"","site-sidebar-layout":"no-sidebar","site-content-layout":"plain-container","ast-site-content-layout":"full-width-container","site-content-style":"unboxed","site-sidebar-style":"unboxed","ast-global-header-display":"","ast-banner-title-visibility":"","ast-main-header-display":"","ast-hfb-above-header-display":"","ast-hfb-below-header-display":"","ast-hfb-mobile-header-display":"","site-post-title":"disabled","ast-breadcrumbs-content":"","ast-featured-img":"","footer-sml-layout":"","theme-transparent-header-meta":"enabled","adv-header-id-meta":"","stick-header-meta":"","header-above-stick-meta":"","header-main-stick-meta":"","header-below-stick-meta":"","astra-migrate-meta-layouts":"set","ast-page-background-enabled":"default","ast-page-background-meta":{"desktop":{"background-color":"","background-image":"","background-repeat":"repeat","background-position":"center center","background-size":"auto","background-attachment":"scroll","background-type":"","background-media":"","overlay-type":"","overlay-color":"","overlay-opacity":"","overlay-gradient":""},"tablet":{"background-color":"","background-image":"","background-repeat":"repeat","background-position":"center center","background-size":"auto","background-attachment":"scroll","background-type":"","background-media":"","overlay-type":"","overlay-color":"","overlay-opacity":"","overlay-gradient":""},"mobile":{"background-color":"","background-image":"","background-repeat":"repeat","background-position":"center center","background-size":"auto","background-attachment":"scroll","background-type":"","background-media":"","overlay-type":"","overlay-color":"","overlay-opacity":"","overlay-gradient":""}},"ast-content-background-meta":{"desktop":{"background-color":"var(--ast-global-color-5)","background-image":"","background-repeat":"repeat","background-position":"center center","background-size":"auto","background-attachment":"scroll","background-type":"","background-media":"","overlay-type":"","overlay-color":"","overlay-opacity":"","overlay-gradient":""},"tablet":{"background-color":"var(--ast-global-color-5)","background-image":"","background-repeat":"repeat","background-position":"center center","background-size":"auto","background-attachment":"scroll","background-type":"","background-media":"","overlay-type":"","overlay-color":"","overlay-opacity":"","overlay-gradient":""},"mobile":{"background-color":"var(--ast-global-color-5)","background-image":"","background-repeat":"repeat","background-position":"center center","background-size":"auto","background-attachment":"scroll","background-type":"","background-media":"","overlay-type":"","overlay-color":"","overlay-opacity":"","overlay-gradient":""}},"footnotes":""},"class_list":["post-917","page","type-page","status-publish","hentry"],"uagb_featured_image_src":{"full":false,"thumbnail":false,"medium":false,"medium_large":false,"large":false,"1536x1536":false,"2048x2048":false,"trp-custom-language-flag":false},"uagb_author_info":{"display_name":"soportesistemas","author_link":"https:\/\/editorialcide.org\/en\/author\/soportesistemas\/"},"uagb_comment_info":0,"uagb_excerpt":"Publicaciones Recientes","_links":{"self":[{"href":"https:\/\/editorialcide.org\/en\/wp-json\/wp\/v2\/pages\/917","targetHints":{"allow":["GET"]}}],"collection":[{"href":"https:\/\/editorialcide.org\/en\/wp-json\/wp\/v2\/pages"}],"about":[{"href":"https:\/\/editorialcide.org\/en\/wp-json\/wp\/v2\/types\/page"}],"author":[{"embeddable":true,"href":"https:\/\/editorialcide.org\/en\/wp-json\/wp\/v2\/users\/1"}],"replies":[{"embeddable":true,"href":"https:\/\/editorialcide.org\/en\/wp-json\/wp\/v2\/comments?post=917"}],"version-history":[{"count":15,"href":"https:\/\/editorialcide.org\/en\/wp-json\/wp\/v2\/pages\/917\/revisions"}],"predecessor-version":[{"id":1501,"href":"https:\/\/editorialcide.org\/en\/wp-json\/wp\/v2\/pages\/917\/revisions\/1501"}],"wp:attachment":[{"href":"https:\/\/editorialcide.org\/en\/wp-json\/wp\/v2\/media?parent=917"}],"curies":[{"name":"wp","href":"https:\/\/api.w.org\/{rel}","templated":true}]}}